{"id":1618,"date":"2014-12-15T12:33:29","date_gmt":"2014-12-15T12:33:29","guid":{"rendered":"https:\/\/spetomix.com.br\/site\/?page_id=1618"},"modified":"2015-03-12T22:08:26","modified_gmt":"2015-03-12T22:08:26","slug":"diferenciais","status":"publish","type":"page","link":"https:\/\/spetomix.com.br\/site\/diferenciais\/","title":{"rendered":"Diferenciais"},"content":{"rendered":"","protected":false},"excerpt":{"rendered":"","protected":false},"author":1,"featured_media":0,"parent":0,"menu_order":0,"comment_status":"open","ping_status":"open","template":"","meta":{"_crdt_document":"","_exactmetrics_skip_tracking":false,"_exactmetrics_sitenote_active":false,"_exactmetrics_sitenote_note":"","_exactmetrics_sitenote_category":0,"footnotes":""},"class_list":["post-1618","page","type-page","status-publish","hentry","post-1","odd"],"yoast_head":"<!-- This site is optimized with the Yoast SEO plugin v27.4 - https:\/\/yoast.com\/product\/yoast-seo-wordpress\/ -->\n<title>Diferenciais - Spetomix 30 Anos - Solu\u00e7\u00f5es em festas e eventos<\/title>\n<meta name=\"robots\" content=\"index, follow, max-snippet:-1, max-image-preview:large, max-video-preview:-1\" \/>\n<link rel=\"canonical\" href=\"https:\/\/spetomix.com.br\/site\/diferenciais\/\" \/>\n<meta property=\"og:locale\" content=\"pt_BR\" \/>\n<meta property=\"og:type\" content=\"article\" \/>\n<meta property=\"og:title\" content=\"Diferenciais - Spetomix 30 Anos - Solu\u00e7\u00f5es em festas e eventos\" \/>\n<meta property=\"og:url\" content=\"https:\/\/spetomix.com.br\/site\/diferenciais\/\" \/>\n<meta property=\"og:site_name\" content=\"Spetomix 30 Anos - Solu\u00e7\u00f5es em festas e eventos\" \/>\n<meta property=\"article:publisher\" content=\"https:\/\/www.facebook.com\/spetomix\/\" \/>\n<meta property=\"article:modified_time\" content=\"2015-03-12T22:08:26+00:00\" \/>\n<script type=\"application\/ld+json\" class=\"yoast-schema-graph\">{\"@context\":\"https:\\\/\\\/schema.org\",\"@graph\":[{\"@type\":\"WebPage\",\"@id\":\"https:\\\/\\\/spetomix.com.br\\\/site\\\/diferenciais\\\/\",\"url\":\"https:\\\/\\\/spetomix.com.br\\\/site\\\/diferenciais\\\/\",\"name\":\"Diferenciais - Spetomix 30 Anos - Solu\u00e7\u00f5es em festas e eventos\",\"isPartOf\":{\"@id\":\"https:\\\/\\\/spetomix.com.br\\\/site\\\/#website\"},\"datePublished\":\"2014-12-15T12:33:29+00:00\",\"dateModified\":\"2015-03-12T22:08:26+00:00\",\"breadcrumb\":{\"@id\":\"https:\\\/\\\/spetomix.com.br\\\/site\\\/diferenciais\\\/#breadcrumb\"},\"inLanguage\":\"pt-BR\",\"potentialAction\":[{\"@type\":\"ReadAction\",\"target\":[\"https:\\\/\\\/spetomix.com.br\\\/site\\\/diferenciais\\\/\"]}]},{\"@type\":\"BreadcrumbList\",\"@id\":\"https:\\\/\\\/spetomix.com.br\\\/site\\\/diferenciais\\\/#breadcrumb\",\"itemListElement\":[{\"@type\":\"ListItem\",\"position\":1,\"name\":\"In\u00edcio\",\"item\":\"https:\\\/\\\/spetomix.com.br\\\/site\\\/\"},{\"@type\":\"ListItem\",\"position\":2,\"name\":\"Diferenciais\"}]},{\"@type\":\"WebSite\",\"@id\":\"https:\\\/\\\/spetomix.com.br\\\/site\\\/#website\",\"url\":\"https:\\\/\\\/spetomix.com.br\\\/site\\\/\",\"name\":\"Spetomix 30 Anos - Solu\u00e7\u00f5es em festas e eventos\",\"description\":\"Solu\u00e7\u00f5es em festas e eventos\",\"publisher\":{\"@id\":\"https:\\\/\\\/spetomix.com.br\\\/site\\\/#organization\"},\"potentialAction\":[{\"@type\":\"SearchAction\",\"target\":{\"@type\":\"EntryPoint\",\"urlTemplate\":\"https:\\\/\\\/spetomix.com.br\\\/site\\\/?s={search_term_string}\"},\"query-input\":{\"@type\":\"PropertyValueSpecification\",\"valueRequired\":true,\"valueName\":\"search_term_string\"}}],\"inLanguage\":\"pt-BR\"},{\"@type\":\"Organization\",\"@id\":\"https:\\\/\\\/spetomix.com.br\\\/site\\\/#organization\",\"name\":\"Spetomix - Espetinhos | Festas | Massas | Pizzas | buffet\",\"url\":\"https:\\\/\\\/spetomix.com.br\\\/site\\\/\",\"logo\":{\"@type\":\"ImageObject\",\"inLanguage\":\"pt-BR\",\"@id\":\"https:\\\/\\\/spetomix.com.br\\\/site\\\/#\\\/schema\\\/logo\\\/image\\\/\",\"url\":\"https:\\\/\\\/www.spetomix.com.br\\\/site\\\/wp-content\\\/uploads\\\/2016\\\/06\\\/logo_spetomix.png\",\"contentUrl\":\"https:\\\/\\\/www.spetomix.com.br\\\/site\\\/wp-content\\\/uploads\\\/2016\\\/06\\\/logo_spetomix.png\",\"width\":250,\"height\":94,\"caption\":\"Spetomix - Espetinhos | Festas | Massas | Pizzas | buffet\"},\"image\":{\"@id\":\"https:\\\/\\\/spetomix.com.br\\\/site\\\/#\\\/schema\\\/logo\\\/image\\\/\"},\"sameAs\":[\"https:\\\/\\\/www.facebook.com\\\/spetomix\\\/\",\"https:\\\/\\\/x.com\\\/spetomix\",\"https:\\\/\\\/www.youtube.com\\\/channel\\\/UCY3Fdt7Wg0CrLDA6KoTIPVQ\"]}]}<\/script>\n<!-- \/ Yoast SEO plugin. -->","yoast_head_json":{"title":"Diferenciais - Spetomix 30 Anos - Solu\u00e7\u00f5es em festas e eventos","robots":{"index":"index","follow":"follow","max-snippet":"max-snippet:-1","max-image-preview":"max-image-preview:large","max-video-preview":"max-video-preview:-1"},"canonical":"https:\/\/spetomix.com.br\/site\/diferenciais\/","og_locale":"pt_BR","og_type":"article","og_title":"Diferenciais - Spetomix 30 Anos - Solu\u00e7\u00f5es em festas e eventos","og_url":"https:\/\/spetomix.com.br\/site\/diferenciais\/","og_site_name":"Spetomix 30 Anos - Solu\u00e7\u00f5es em festas e eventos","article_publisher":"https:\/\/www.facebook.com\/spetomix\/","article_modified_time":"2015-03-12T22:08:26+00:00","schema":{"@context":"https:\/\/schema.org","@graph":[{"@type":"WebPage","@id":"https:\/\/spetomix.com.br\/site\/diferenciais\/","url":"https:\/\/spetomix.com.br\/site\/diferenciais\/","name":"Diferenciais - Spetomix 30 Anos - Solu\u00e7\u00f5es em festas e eventos","isPartOf":{"@id":"https:\/\/spetomix.com.br\/site\/#website"},"datePublished":"2014-12-15T12:33:29+00:00","dateModified":"2015-03-12T22:08:26+00:00","breadcrumb":{"@id":"https:\/\/spetomix.com.br\/site\/diferenciais\/#breadcrumb"},"inLanguage":"pt-BR","potentialAction":[{"@type":"ReadAction","target":["https:\/\/spetomix.com.br\/site\/diferenciais\/"]}]},{"@type":"BreadcrumbList","@id":"https:\/\/spetomix.com.br\/site\/diferenciais\/#breadcrumb","itemListElement":[{"@type":"ListItem","position":1,"name":"In\u00edcio","item":"https:\/\/spetomix.com.br\/site\/"},{"@type":"ListItem","position":2,"name":"Diferenciais"}]},{"@type":"WebSite","@id":"https:\/\/spetomix.com.br\/site\/#website","url":"https:\/\/spetomix.com.br\/site\/","name":"Spetomix 30 Anos - Solu\u00e7\u00f5es em festas e eventos","description":"Solu\u00e7\u00f5es em festas e eventos","publisher":{"@id":"https:\/\/spetomix.com.br\/site\/#organization"},"potentialAction":[{"@type":"SearchAction","target":{"@type":"EntryPoint","urlTemplate":"https:\/\/spetomix.com.br\/site\/?s={search_term_string}"},"query-input":{"@type":"PropertyValueSpecification","valueRequired":true,"valueName":"search_term_string"}}],"inLanguage":"pt-BR"},{"@type":"Organization","@id":"https:\/\/spetomix.com.br\/site\/#organization","name":"Spetomix - Espetinhos | Festas | Massas | Pizzas | buffet","url":"https:\/\/spetomix.com.br\/site\/","logo":{"@type":"ImageObject","inLanguage":"pt-BR","@id":"https:\/\/spetomix.com.br\/site\/#\/schema\/logo\/image\/","url":"https:\/\/www.spetomix.com.br\/site\/wp-content\/uploads\/2016\/06\/logo_spetomix.png","contentUrl":"https:\/\/www.spetomix.com.br\/site\/wp-content\/uploads\/2016\/06\/logo_spetomix.png","width":250,"height":94,"caption":"Spetomix - Espetinhos | Festas | Massas | Pizzas | buffet"},"image":{"@id":"https:\/\/spetomix.com.br\/site\/#\/schema\/logo\/image\/"},"sameAs":["https:\/\/www.facebook.com\/spetomix\/","https:\/\/x.com\/spetomix","https:\/\/www.youtube.com\/channel\/UCY3Fdt7Wg0CrLDA6KoTIPVQ"]}]}},"_links":{"self":[{"href":"https:\/\/spetomix.com.br\/site\/wp-json\/wp\/v2\/pages\/1618","targetHints":{"allow":["GET"]}}],"collection":[{"href":"https:\/\/spetomix.com.br\/site\/wp-json\/wp\/v2\/pages"}],"about":[{"href":"https:\/\/spetomix.com.br\/site\/wp-json\/wp\/v2\/types\/page"}],"author":[{"embeddable":true,"href":"https:\/\/spetomix.com.br\/site\/wp-json\/wp\/v2\/users\/1"}],"replies":[{"embeddable":true,"href":"https:\/\/spetomix.com.br\/site\/wp-json\/wp\/v2\/comments?post=1618"}],"version-history":[{"count":1,"href":"https:\/\/spetomix.com.br\/site\/wp-json\/wp\/v2\/pages\/1618\/revisions"}],"predecessor-version":[{"id":1619,"href":"https:\/\/spetomix.com.br\/site\/wp-json\/wp\/v2\/pages\/1618\/revisions\/1619"}],"wp:attachment":[{"href":"https:\/\/spetomix.com.br\/site\/wp-json\/wp\/v2\/media?parent=1618"}],"curies":[{"name":"wp","href":"https:\/\/api.w.org\/{rel}","templated":true}]}}