{"id":2818,"date":"2022-02-08T11:21:12","date_gmt":"2022-02-08T11:21:12","guid":{"rendered":"https:\/\/www.spetomix.com.br\/site\/almoco-especial-copy\/"},"modified":"2025-02-07T17:26:39","modified_gmt":"2025-02-07T20:26:39","slug":"festa-de-casamentos-noivados-bodas-aniversarios","status":"publish","type":"page","link":"https:\/\/spetomix.com.br\/site\/festa-de-casamentos-noivados-bodas-aniversarios\/","title":{"rendered":"Sua Festa Inesquec\u00edvel"},"content":{"rendered":"<table id=\"Table_01\" border=\"0\" width=\"850\" cellspacing=\"0\" cellpadding=\"0\">\n<tbody>\n<tr bgcolor=\"#ffffff\">\n<td><img fetchpriority=\"high\" decoding=\"async\" class=\"aligncenter size-full wp-image-3606\" src=\"https:\/\/spetomix.com.br\/site\/wp-content\/uploads\/2025\/02\/PG-Festas-Pequenas-Fev-2025_01.jpg\" alt=\"\" width=\"850\" height=\"317\" srcset=\"https:\/\/spetomix.com.br\/site\/wp-content\/uploads\/2025\/02\/PG-Festas-Pequenas-Fev-2025_01.jpg 850w, https:\/\/spetomix.com.br\/site\/wp-content\/uploads\/2025\/02\/PG-Festas-Pequenas-Fev-2025_01-300x112.jpg 300w, https:\/\/spetomix.com.br\/site\/wp-content\/uploads\/2025\/02\/PG-Festas-Pequenas-Fev-2025_01-768x286.jpg 768w\" sizes=\"(max-width: 850px) 100vw, 850px\" \/><\/td>\n<\/tr>\n<tr bgcolor=\"#ffffff\">\n<td bgcolor=\"#ffffff\"><center>\n<p style=\"font-family: Gotham, 'Helvetica Neue', Helvetica, Arial, sans-serif; font-size: 16px; color: #000000;\">\u00a0Celebrar uma data especial, como um anivers\u00e1rio, um casamento, bodas ou mesmo uma conquista pessoal, \u00e9 uma forma de deixar registrado na mem\u00f3ria, momentos felizes e inesquec\u00edveis.<br \/>\u00c9 um momento de gratid\u00e3o, de reflex\u00e3o e de agradecimento por tudo que foi vivido e superado.<\/p>\n<\/center><\/td>\n<\/tr>\n<tr>\n<td><img decoding=\"async\" class=\"aligncenter size-full wp-image-3608\" src=\"https:\/\/spetomix.com.br\/site\/wp-content\/uploads\/2025\/02\/PG-Festas-Pequenas-Fev-2025_03.jpg\" alt=\"\" width=\"850\" height=\"1208\" srcset=\"https:\/\/spetomix.com.br\/site\/wp-content\/uploads\/2025\/02\/PG-Festas-Pequenas-Fev-2025_03.jpg 850w, https:\/\/spetomix.com.br\/site\/wp-content\/uploads\/2025\/02\/PG-Festas-Pequenas-Fev-2025_03-211x300.jpg 211w, https:\/\/spetomix.com.br\/site\/wp-content\/uploads\/2025\/02\/PG-Festas-Pequenas-Fev-2025_03-721x1024.jpg 721w, https:\/\/spetomix.com.br\/site\/wp-content\/uploads\/2025\/02\/PG-Festas-Pequenas-Fev-2025_03-768x1091.jpg 768w\" sizes=\"(max-width: 850px) 100vw, 850px\" \/><\/td>\n<\/tr>\n<tr>\n<td><center>\n<p style=\"font-family: Gotham, 'Helvetica Neue', Helvetica, Arial, sans-serif; font-size: 16px; color: #000000;\">\u00a0Churrasco com:<br \/>Espetinhos, Carnes em Pe\u00e7as, Guarni\u00e7\u00f5es, Acompanhamentos, Saladas, Bebidas e Sobremesas.<br \/>Estrutura: Mesas e Cadeiras, Loca\u00e7\u00e3o de Tendas, Som e Brinquedos Infl\u00e1veis.<span style=\"font-family: inherit; font-size: inherit; font-weight: inherit; color: initial;\">\u00a0<\/span><\/p>\n<\/center><\/td>\n<\/tr>\n<tr>\n<td><img decoding=\"async\" class=\"aligncenter size-full wp-image-3610\" src=\"https:\/\/spetomix.com.br\/site\/wp-content\/uploads\/2025\/02\/PG-Festas-Pequenas-Fev-2025_05.jpg\" alt=\"\" width=\"850\" height=\"888\" srcset=\"https:\/\/spetomix.com.br\/site\/wp-content\/uploads\/2025\/02\/PG-Festas-Pequenas-Fev-2025_05.jpg 850w, https:\/\/spetomix.com.br\/site\/wp-content\/uploads\/2025\/02\/PG-Festas-Pequenas-Fev-2025_05-287x300.jpg 287w, https:\/\/spetomix.com.br\/site\/wp-content\/uploads\/2025\/02\/PG-Festas-Pequenas-Fev-2025_05-768x802.jpg 768w\" sizes=\"(max-width: 850px) 100vw, 850px\" \/><\/td>\n<\/tr>\n<tr>\n<td><img loading=\"lazy\" decoding=\"async\" class=\"aligncenter size-full wp-image-3611\" src=\"https:\/\/spetomix.com.br\/site\/wp-content\/uploads\/2025\/02\/PG-Festas-Pequenas-Fev-2025_06.jpg\" alt=\"\" width=\"850\" height=\"65\" srcset=\"https:\/\/spetomix.com.br\/site\/wp-content\/uploads\/2025\/02\/PG-Festas-Pequenas-Fev-2025_06.jpg 850w, https:\/\/spetomix.com.br\/site\/wp-content\/uploads\/2025\/02\/PG-Festas-Pequenas-Fev-2025_06-300x23.jpg 300w, https:\/\/spetomix.com.br\/site\/wp-content\/uploads\/2025\/02\/PG-Festas-Pequenas-Fev-2025_06-768x59.jpg 768w\" sizes=\"(max-width: 850px) 100vw, 850px\" \/><\/td>\n<\/tr>\n<\/tbody>\n<\/table>\n\n\n<div style=\"display:none\" class=\"fm-form-container fm-theme1\"><div id=\"fm-pages6\" class=\"fm-pages wdform_page_navigation \" show_title=\"\" show_numbers=\"1\" type=\"none\"><\/div><form name=\"form6\" action=\"\/site\/wp-json\/wp\/v2\/pages\/2818\" method=\"post\" id=\"form6\" class=\"fm-form form6  \" enctype=\"multipart\/form-data\"><input type=\"hidden\" id=\"fm_page_id6\" value=\"2818\" name=\"fm_page_id6\" \/><input type=\"hidden\" id=\"fm_current_post_type6\" value=\"page\" name=\"fm_current_post_type6\" \/><input type=\"hidden\" id=\"counter6\" value=\"13\" name=\"counter6\" \/><input type=\"hidden\" id=\"Itemid6\" value=\"\" name=\"Itemid6\" \/><input type=\"hidden\" id=\"fm_shake6\" value=\"1\" name=\"fm_shake6\" \/><input type=\"text\" class=\"fm-hide\" id=\"fm_empty_field_validation6\" value=\"\" name=\"fm_empty_field_validation6\" data-value=\"bd736efb144d599cf463541431fbf5c4\" \/><div class=\"wdform-page-and-images fm-form-builder\"><div id=\"6form_view1\" class=\"wdform_page\" page_title=\"Untitled page\" next_title=\"Next\" next_type=\"text\" next_class=\"wdform-page-button\" next_checkable=\"true\" previous_title=\"Previous\" previous_type=\"text\" previous_class=\"wdform-page-button\" previous_checkable=\"false\"><div class=\"wdform_section\"><div class=\"wdform_column\"><div wdid=\"2\" class=\"wdform_row\" style=\"position: relative; left: 0px; top: 0px;\"><div type=\"type_text\" class=\"wdform-field wd-width-100 wd-flex wd-flex-column fm-type_text\" ><div class=\"wdform-label-section wd-width-100  wd-flex-row wd-align-items-center\">    <label  for=\"wdform_2_element6\" class=\"wdform-label\">Nome<\/label><span class=\"wdform-required\">*<\/span><\/div><div class=\"wdform-element-section wd-flex  wd-flex-row wd-align-items-center wd-width-100\" ><input type=\"text\"                           class=\"wd-width-100\"                           id=\"wdform_2_element6\"                           name=\"wdform_2_element6\"                           value=\"\"                           data-value=\"\"                           title=\"\"                           placeholder=\"\"                                                       \/><\/div><\/div><\/div><div wdid=\"3\" class=\"wdform_row\" style=\"position: relative; left: 0px; top: 0px;\"><div type=\"type_submitter_mail\" class=\"wdform-field wd-width-100 wd-flex wd-flex-column fm-type_submitter_mail\" ><div class=\"wdform-label-section wd-width-100  wd-flex-row\">    <label  for=\"wdform_3_element6\" class=\"wdform-label\">Email<\/label><span class=\"wdform-required\">*<\/span><\/div><div class=\"wdform-element-section wd-flex  wd-flex-row wd-width-100\" ><input type=\"text\" class=\"wd-width-100\" id=\"wdform_3_element6\" name=\"wdform_3_element6\" data-value=\"\" value=\"\" title=\"\" placeholder=\"\"   onchange=\"wd_check_email('3', '6', 'This is not a valid email address.')\" \/><\/div><\/div><\/div><\/div><div class=\"wdform_column\"><div wdid=\"4\" class=\"wdform_row\" style=\"position: relative; left: 0px; top: 0px;\"><div type=\"type_text\" class=\"wdform-field wd-width-100 wd-flex wd-flex-column fm-type_text\" ><div class=\"wdform-label-section wd-width-100  wd-flex-row wd-align-items-center\">    <label  for=\"wdform_4_element6\" class=\"wdform-label\">Endere\u00e7o:<\/label><\/div><div class=\"wdform-element-section wd-flex  wd-flex-row wd-align-items-center wd-width-100\" ><input type=\"text\"                           class=\"wd-width-100\"                           id=\"wdform_4_element6\"                           name=\"wdform_4_element6\"                           value=\"\"                           data-value=\"\"                           title=\"\"                           placeholder=\"\"                                                       \/><\/div><\/div><\/div><\/div><div class=\"wdform_column\"><div wdid=\"5\" class=\"wdform_row\" style=\"position: relative; left: 0px; top: 0px;\"><div type=\"type_text\" class=\"wdform-field wd-width-100 wd-flex wd-flex-column fm-type_text\" ><div class=\"wdform-label-section wd-width-100  wd-flex-row wd-align-items-center\">    <label  for=\"wdform_5_element6\" class=\"wdform-label\">Cidade<\/label><span class=\"wdform-required\">*<\/span><\/div><div class=\"wdform-element-section wd-flex  wd-flex-row wd-align-items-center wd-width-100\" ><input type=\"text\"                           class=\"wd-width-100\"                           id=\"wdform_5_element6\"                           name=\"wdform_5_element6\"                           value=\"\"                           data-value=\"\"                           title=\"\"                           placeholder=\"\"                                                       \/><\/div><\/div><\/div><div wdid=\"12\" class=\"wdform_row\" style=\"position: relative; left: 0px; top: 0px;\"><div type=\"type_date_new\" class=\"wdform-field wd-width-100 wd-flex wd-flex-column fm-type_date_new\" ><div class=\"wdform-label-section wd-width-100  wd-flex-row\">    <label  for=\"wdform_12_element6\" class=\"wdform-label\">Data do Evento<\/label><span class=\"wdform-required\">*<\/span><\/div><div class=\"wdform-element-section wd-flex  wd-flex-row wd-width-100\" ><input class=\"wd-width-100\" autocomplete=\"off\" onchange=\"wd_validate(this)\" data-form-id=\"6\" data-wdid=\"12\" data-valid-type=\"date\" type=\"text\" id=\"wdform_12_element6\" data-value=\"\" value=\"\" name=\"wdform_12_element6\"   attribute=value \/><span id=\"fm-calendar-12\" class=\"dashicons dashicons-calendar-alt wd-calendar-button wd-hidden\"><\/span><input type=\"hidden\" class=\"hidden_date\" data-format=\"dd\/mm\/yy\" data-min=\"today\" data-max=\"+2y\" id=\"wdform_12_button6\" value=\"\" \/><\/div><\/div><\/div><\/div><div class=\"wdform_column\"><div wdid=\"8\" class=\"wdform_row\"><div type=\"type_phone_new\" class=\"wdform-field wd-width-100 wd-flex wd-flex-column fm-type_phone_new\" ><div class=\"wdform-label-section wd-width-100 \">    <label  for=\"wdform_8_element6\" class=\"wdform-label\">Telefone<\/label><span class=\"wdform-required\">*<\/span><\/div><div class=\"wdform-element-section wd-flex  wd-width-100\" ><input type=\"text\"                       class=\"wd-width-100\"                       id=\"wdform_8_element6\"                       name=\"wdform_8_element6\"                       value=\"\"                       data-value=\"\"                       placeholder=\"\"  \/><\/div><\/div><\/div><\/div><div class=\"wdform_column\"><div wdid=\"11\" class=\"wdform_row\"><div type=\"type_textarea\" class=\"wdform-field wd-width-100 wd-flex wd-flex-column fm-type_textarea\" ><div class=\"wdform-label-section wd-width-100 \">    <label  for=\"wdform_11_element6\" class=\"wdform-label\">Informa\u00e7\u00f5es sobre sua festa: ( N\u00famero de pessoas: Adultos \/ Crian\u00e7as ) tipo de evento ( Evento Corporativo, Confraterniza\u00e7\u00e3o de Amigos \/ Funcion\u00e1rios, Dia das Crian\u00e7as, Portas abertas, Anivers\u00e1rio, Bodas entre outros...) :<\/label><span class=\"wdform-required\">*<\/span><\/div><div class=\"wdform-element-section wd-flex  wd-width-100\" ><textarea class=\"wd-width-100\"                      id=\"wdform_11_element6\"                      name=\"wdform_11_element6\"                      placeholder=\"\"                      data-value=\"\"                      maxlength=\"\"                      style=\"height: 100px;\"                      ><\/textarea><\/div><\/div><\/div><\/div><div class=\"wdform_column\"><div wdid=\"1\" class=\"wdform_row\" style=\"position: relative; left: 0px; top: 0px;\"><div type=\"type_submit_reset\" class=\"wdform-field wd-width-100 wd-flex wd-flex-column fm-type_submit_reset\" ><div class=\"wdform-element-section wd-flex  wd-flex-row wd-justify-content-left wd-width-100\" ><button  type=\"button\" class=\"button-submit\" onclick=\"fm_submit_form('6');\"  data-ajax=\"0\"><span class=\"fm-submit-loading spinner fm-ico-spinner\"><\/span>Enviar<\/button><button  type=\"button\" class=\"button-reset wd-hidden\" onclick=\"fm_reset_form(6);\" >Reset<\/button><\/div><\/div><\/div><\/div><\/div><div valign=\"top\" class=\"wdform_footer wd-width-100\"><div class=\"wd-width-100\"><div class=\"wd-width-100 wd-table\" style=\"padding-top:10px;\"><div class=\"wd-table-group\"><div id=\"6page_nav1\" class=\"wd-table-row\"><\/div><\/div><\/div><\/div><\/div><\/div><\/div><div class=\"wdform_preload\"><\/div><input type=\"hidden\" name=\"fm-current-page\" value=\"https:\/\/spetomix.com.br\/site\/wp-json\/wp\/v2\/pages\/2818\" \/><\/form><\/div>\n","protected":false},"excerpt":{"rendered":"<p>\u00a0Celebrar uma data especial, como um anivers\u00e1rio, um casamento, bodas ou mesmo uma conquista pessoal, \u00e9 uma forma de deixar registrado na mem\u00f3ria, momentos felizes e inesquec\u00edveis.\u00c9 um momento de gratid\u00e3o, de reflex\u00e3o e de agradecimento por tudo que foi vivido e superado.<\/p>\n<p>\u00a0Churrasco com:Espetinhos, Carnes em Pe\u00e7as, Guarni\u00e7\u00f5es, Acompanhamentos, Saladas, Bebidas e Sobremesas.Estrutura: Mesas e Cadeiras, Loca\u00e7\u00e3o de Tendas, Som\u00a0[&#8230;]<\/p>\n","protected":false},"author":1,"featured_media":3449,"parent":0,"menu_order":0,"comment_status":"closed","ping_status":"closed","template":"","meta":{"_crdt_document":"","_exactmetrics_skip_tracking":false,"_exactmetrics_sitenote_active":false,"_exactmetrics_sitenote_note":"","_exactmetrics_sitenote_category":0,"footnotes":""},"class_list":["post-2818","page","type-page","status-publish","has-post-thumbnail","hentry","post-1","odd"],"yoast_head":"<!-- This site is optimized with the Yoast SEO plugin v27.4 - https:\/\/yoast.com\/product\/yoast-seo-wordpress\/ -->\n<title>Sua Festa Inesquec\u00edvel - Spetomix Festas e Eventos<\/title>\n<meta name=\"description\" content=\"Casamentos, Bodas, Noivados, Anivers\u00e1rios, Batizados... Adequamos or\u00e7amento com seu sonho. Buffet completo ou apenas o churrasco.\" \/>\n<meta name=\"robots\" content=\"index, follow, max-snippet:-1, max-image-preview:large, max-video-preview:-1\" \/>\n<link rel=\"canonical\" href=\"https:\/\/spetomix.com.br\/site\/festa-de-casamentos-noivados-bodas-aniversarios\/\" \/>\n<meta property=\"og:locale\" content=\"pt_BR\" \/>\n<meta property=\"og:type\" content=\"article\" \/>\n<meta property=\"og:title\" content=\"Sua Festa Inesquec\u00edvel - Spetomix Festas e Eventos\" \/>\n<meta property=\"og:description\" content=\"Casamentos, Bodas, Noivados, Anivers\u00e1rios, Batizados... Adequamos or\u00e7amento com seu sonho. Buffet completo ou apenas o churrasco.\" \/>\n<meta property=\"og:url\" content=\"https:\/\/spetomix.com.br\/site\/festa-de-casamentos-noivados-bodas-aniversarios\/\" \/>\n<meta property=\"og:site_name\" content=\"Spetomix 30 Anos - Solu\u00e7\u00f5es em festas e eventos\" \/>\n<meta property=\"article:publisher\" content=\"https:\/\/www.facebook.com\/spetomix\/\" \/>\n<meta property=\"article:modified_time\" content=\"2025-02-07T20:26:39+00:00\" \/>\n<meta property=\"og:image\" content=\"https:\/\/spetomix.com.br\/site\/wp-content\/uploads\/2024\/05\/Festas-Pequenas-2024_02.jpg\" \/>\n\t<meta property=\"og:image:width\" content=\"850\" \/>\n\t<meta property=\"og:image:height\" content=\"423\" \/>\n\t<meta property=\"og:image:type\" content=\"image\/jpeg\" \/>\n<meta name=\"twitter:label1\" content=\"Est. tempo de leitura\" \/>\n\t<meta name=\"twitter:data1\" content=\"2 minutos\" \/>\n<script type=\"application\/ld+json\" class=\"yoast-schema-graph\">{\"@context\":\"https:\\\/\\\/schema.org\",\"@graph\":[{\"@type\":\"WebPage\",\"@id\":\"https:\\\/\\\/spetomix.com.br\\\/site\\\/festa-de-casamentos-noivados-bodas-aniversarios\\\/\",\"url\":\"https:\\\/\\\/spetomix.com.br\\\/site\\\/festa-de-casamentos-noivados-bodas-aniversarios\\\/\",\"name\":\"Sua Festa Inesquec\u00edvel - Spetomix Festas e Eventos\",\"isPartOf\":{\"@id\":\"https:\\\/\\\/spetomix.com.br\\\/site\\\/#website\"},\"primaryImageOfPage\":{\"@id\":\"https:\\\/\\\/spetomix.com.br\\\/site\\\/festa-de-casamentos-noivados-bodas-aniversarios\\\/#primaryimage\"},\"image\":{\"@id\":\"https:\\\/\\\/spetomix.com.br\\\/site\\\/festa-de-casamentos-noivados-bodas-aniversarios\\\/#primaryimage\"},\"thumbnailUrl\":\"https:\\\/\\\/spetomix.com.br\\\/site\\\/wp-content\\\/uploads\\\/2024\\\/05\\\/Festas-Pequenas-2024_02.jpg\",\"datePublished\":\"2022-02-08T11:21:12+00:00\",\"dateModified\":\"2025-02-07T20:26:39+00:00\",\"description\":\"Casamentos, Bodas, Noivados, Anivers\u00e1rios, Batizados... Adequamos or\u00e7amento com seu sonho. Buffet completo ou apenas o churrasco.\",\"breadcrumb\":{\"@id\":\"https:\\\/\\\/spetomix.com.br\\\/site\\\/festa-de-casamentos-noivados-bodas-aniversarios\\\/#breadcrumb\"},\"inLanguage\":\"pt-BR\",\"potentialAction\":[{\"@type\":\"ReadAction\",\"target\":[\"https:\\\/\\\/spetomix.com.br\\\/site\\\/festa-de-casamentos-noivados-bodas-aniversarios\\\/\"]}]},{\"@type\":\"ImageObject\",\"inLanguage\":\"pt-BR\",\"@id\":\"https:\\\/\\\/spetomix.com.br\\\/site\\\/festa-de-casamentos-noivados-bodas-aniversarios\\\/#primaryimage\",\"url\":\"https:\\\/\\\/spetomix.com.br\\\/site\\\/wp-content\\\/uploads\\\/2024\\\/05\\\/Festas-Pequenas-2024_02.jpg\",\"contentUrl\":\"https:\\\/\\\/spetomix.com.br\\\/site\\\/wp-content\\\/uploads\\\/2024\\\/05\\\/Festas-Pequenas-2024_02.jpg\",\"width\":850,\"height\":423},{\"@type\":\"BreadcrumbList\",\"@id\":\"https:\\\/\\\/spetomix.com.br\\\/site\\\/festa-de-casamentos-noivados-bodas-aniversarios\\\/#breadcrumb\",\"itemListElement\":[{\"@type\":\"ListItem\",\"position\":1,\"name\":\"In\u00edcio\",\"item\":\"https:\\\/\\\/spetomix.com.br\\\/site\\\/\"},{\"@type\":\"ListItem\",\"position\":2,\"name\":\"Sua Festa Inesquec\u00edvel\"}]},{\"@type\":\"WebSite\",\"@id\":\"https:\\\/\\\/spetomix.com.br\\\/site\\\/#website\",\"url\":\"https:\\\/\\\/spetomix.com.br\\\/site\\\/\",\"name\":\"Spetomix 30 Anos - Solu\u00e7\u00f5es em festas e eventos\",\"description\":\"Solu\u00e7\u00f5es em festas e eventos\",\"publisher\":{\"@id\":\"https:\\\/\\\/spetomix.com.br\\\/site\\\/#organization\"},\"potentialAction\":[{\"@type\":\"SearchAction\",\"target\":{\"@type\":\"EntryPoint\",\"urlTemplate\":\"https:\\\/\\\/spetomix.com.br\\\/site\\\/?s={search_term_string}\"},\"query-input\":{\"@type\":\"PropertyValueSpecification\",\"valueRequired\":true,\"valueName\":\"search_term_string\"}}],\"inLanguage\":\"pt-BR\"},{\"@type\":\"Organization\",\"@id\":\"https:\\\/\\\/spetomix.com.br\\\/site\\\/#organization\",\"name\":\"Spetomix - Espetinhos | Festas | Massas | Pizzas | buffet\",\"url\":\"https:\\\/\\\/spetomix.com.br\\\/site\\\/\",\"logo\":{\"@type\":\"ImageObject\",\"inLanguage\":\"pt-BR\",\"@id\":\"https:\\\/\\\/spetomix.com.br\\\/site\\\/#\\\/schema\\\/logo\\\/image\\\/\",\"url\":\"https:\\\/\\\/www.spetomix.com.br\\\/site\\\/wp-content\\\/uploads\\\/2016\\\/06\\\/logo_spetomix.png\",\"contentUrl\":\"https:\\\/\\\/www.spetomix.com.br\\\/site\\\/wp-content\\\/uploads\\\/2016\\\/06\\\/logo_spetomix.png\",\"width\":250,\"height\":94,\"caption\":\"Spetomix - Espetinhos | Festas | Massas | Pizzas | buffet\"},\"image\":{\"@id\":\"https:\\\/\\\/spetomix.com.br\\\/site\\\/#\\\/schema\\\/logo\\\/image\\\/\"},\"sameAs\":[\"https:\\\/\\\/www.facebook.com\\\/spetomix\\\/\",\"https:\\\/\\\/x.com\\\/spetomix\",\"https:\\\/\\\/www.youtube.com\\\/channel\\\/UCY3Fdt7Wg0CrLDA6KoTIPVQ\"]}]}<\/script>\n<!-- \/ Yoast SEO plugin. -->","yoast_head_json":{"title":"Sua Festa Inesquec\u00edvel - Spetomix Festas e Eventos","description":"Casamentos, Bodas, Noivados, Anivers\u00e1rios, Batizados... Adequamos or\u00e7amento com seu sonho. Buffet completo ou apenas o churrasco.","robots":{"index":"index","follow":"follow","max-snippet":"max-snippet:-1","max-image-preview":"max-image-preview:large","max-video-preview":"max-video-preview:-1"},"canonical":"https:\/\/spetomix.com.br\/site\/festa-de-casamentos-noivados-bodas-aniversarios\/","og_locale":"pt_BR","og_type":"article","og_title":"Sua Festa Inesquec\u00edvel - Spetomix Festas e Eventos","og_description":"Casamentos, Bodas, Noivados, Anivers\u00e1rios, Batizados... Adequamos or\u00e7amento com seu sonho. Buffet completo ou apenas o churrasco.","og_url":"https:\/\/spetomix.com.br\/site\/festa-de-casamentos-noivados-bodas-aniversarios\/","og_site_name":"Spetomix 30 Anos - Solu\u00e7\u00f5es em festas e eventos","article_publisher":"https:\/\/www.facebook.com\/spetomix\/","article_modified_time":"2025-02-07T20:26:39+00:00","og_image":[{"width":850,"height":423,"url":"https:\/\/spetomix.com.br\/site\/wp-content\/uploads\/2024\/05\/Festas-Pequenas-2024_02.jpg","type":"image\/jpeg"}],"twitter_misc":{"Est. tempo de leitura":"2 minutos"},"schema":{"@context":"https:\/\/schema.org","@graph":[{"@type":"WebPage","@id":"https:\/\/spetomix.com.br\/site\/festa-de-casamentos-noivados-bodas-aniversarios\/","url":"https:\/\/spetomix.com.br\/site\/festa-de-casamentos-noivados-bodas-aniversarios\/","name":"Sua Festa Inesquec\u00edvel - Spetomix Festas e Eventos","isPartOf":{"@id":"https:\/\/spetomix.com.br\/site\/#website"},"primaryImageOfPage":{"@id":"https:\/\/spetomix.com.br\/site\/festa-de-casamentos-noivados-bodas-aniversarios\/#primaryimage"},"image":{"@id":"https:\/\/spetomix.com.br\/site\/festa-de-casamentos-noivados-bodas-aniversarios\/#primaryimage"},"thumbnailUrl":"https:\/\/spetomix.com.br\/site\/wp-content\/uploads\/2024\/05\/Festas-Pequenas-2024_02.jpg","datePublished":"2022-02-08T11:21:12+00:00","dateModified":"2025-02-07T20:26:39+00:00","description":"Casamentos, Bodas, Noivados, Anivers\u00e1rios, Batizados... Adequamos or\u00e7amento com seu sonho. Buffet completo ou apenas o churrasco.","breadcrumb":{"@id":"https:\/\/spetomix.com.br\/site\/festa-de-casamentos-noivados-bodas-aniversarios\/#breadcrumb"},"inLanguage":"pt-BR","potentialAction":[{"@type":"ReadAction","target":["https:\/\/spetomix.com.br\/site\/festa-de-casamentos-noivados-bodas-aniversarios\/"]}]},{"@type":"ImageObject","inLanguage":"pt-BR","@id":"https:\/\/spetomix.com.br\/site\/festa-de-casamentos-noivados-bodas-aniversarios\/#primaryimage","url":"https:\/\/spetomix.com.br\/site\/wp-content\/uploads\/2024\/05\/Festas-Pequenas-2024_02.jpg","contentUrl":"https:\/\/spetomix.com.br\/site\/wp-content\/uploads\/2024\/05\/Festas-Pequenas-2024_02.jpg","width":850,"height":423},{"@type":"BreadcrumbList","@id":"https:\/\/spetomix.com.br\/site\/festa-de-casamentos-noivados-bodas-aniversarios\/#breadcrumb","itemListElement":[{"@type":"ListItem","position":1,"name":"In\u00edcio","item":"https:\/\/spetomix.com.br\/site\/"},{"@type":"ListItem","position":2,"name":"Sua Festa Inesquec\u00edvel"}]},{"@type":"WebSite","@id":"https:\/\/spetomix.com.br\/site\/#website","url":"https:\/\/spetomix.com.br\/site\/","name":"Spetomix 30 Anos - Solu\u00e7\u00f5es em festas e eventos","description":"Solu\u00e7\u00f5es em festas e eventos","publisher":{"@id":"https:\/\/spetomix.com.br\/site\/#organization"},"potentialAction":[{"@type":"SearchAction","target":{"@type":"EntryPoint","urlTemplate":"https:\/\/spetomix.com.br\/site\/?s={search_term_string}"},"query-input":{"@type":"PropertyValueSpecification","valueRequired":true,"valueName":"search_term_string"}}],"inLanguage":"pt-BR"},{"@type":"Organization","@id":"https:\/\/spetomix.com.br\/site\/#organization","name":"Spetomix - Espetinhos | Festas | Massas | Pizzas | buffet","url":"https:\/\/spetomix.com.br\/site\/","logo":{"@type":"ImageObject","inLanguage":"pt-BR","@id":"https:\/\/spetomix.com.br\/site\/#\/schema\/logo\/image\/","url":"https:\/\/www.spetomix.com.br\/site\/wp-content\/uploads\/2016\/06\/logo_spetomix.png","contentUrl":"https:\/\/www.spetomix.com.br\/site\/wp-content\/uploads\/2016\/06\/logo_spetomix.png","width":250,"height":94,"caption":"Spetomix - Espetinhos | Festas | Massas | Pizzas | buffet"},"image":{"@id":"https:\/\/spetomix.com.br\/site\/#\/schema\/logo\/image\/"},"sameAs":["https:\/\/www.facebook.com\/spetomix\/","https:\/\/x.com\/spetomix","https:\/\/www.youtube.com\/channel\/UCY3Fdt7Wg0CrLDA6KoTIPVQ"]}]}},"_links":{"self":[{"href":"https:\/\/spetomix.com.br\/site\/wp-json\/wp\/v2\/pages\/2818","targetHints":{"allow":["GET"]}}],"collection":[{"href":"https:\/\/spetomix.com.br\/site\/wp-json\/wp\/v2\/pages"}],"about":[{"href":"https:\/\/spetomix.com.br\/site\/wp-json\/wp\/v2\/types\/page"}],"author":[{"embeddable":true,"href":"https:\/\/spetomix.com.br\/site\/wp-json\/wp\/v2\/users\/1"}],"replies":[{"embeddable":true,"href":"https:\/\/spetomix.com.br\/site\/wp-json\/wp\/v2\/comments?post=2818"}],"version-history":[{"count":8,"href":"https:\/\/spetomix.com.br\/site\/wp-json\/wp\/v2\/pages\/2818\/revisions"}],"predecessor-version":[{"id":3618,"href":"https:\/\/spetomix.com.br\/site\/wp-json\/wp\/v2\/pages\/2818\/revisions\/3618"}],"wp:featuredmedia":[{"embeddable":true,"href":"https:\/\/spetomix.com.br\/site\/wp-json\/wp\/v2\/media\/3449"}],"wp:attachment":[{"href":"https:\/\/spetomix.com.br\/site\/wp-json\/wp\/v2\/media?parent=2818"}],"curies":[{"name":"wp","href":"https:\/\/api.w.org\/{rel}","templated":true}]}}