{"id":3727,"date":"2025-04-03T11:36:15","date_gmt":"2025-04-03T14:36:15","guid":{"rendered":"https:\/\/spetomix.com.br\/site\/?page_id=3727"},"modified":"2025-04-03T11:36:16","modified_gmt":"2025-04-03T14:36:16","slug":"fale-conosco-2","status":"publish","type":"page","link":"https:\/\/spetomix.com.br\/site\/fale-conosco-2\/","title":{"rendered":"Fale Conosco"},"content":{"rendered":"\n<h4 class=\"wp-block-heading\"><br>Matriz<\/h4>\n\n\n\n<ul class=\"wp-block-list\">\n<li><strong>Loja\/Escrit\u00f3rio:<\/strong>\u00a0Rua No\u00eamia de Queiroz Telles Fonseca, 104<br>Vila Mafalda \u2013 Jundia\u00ed \u2013 SP<\/li>\n\n\n\n<li><strong>Tel.:<\/strong>\u00a0<a href=\"tel:0114526-1919\">(11) 4526-1919<\/a><\/li>\n\n\n\n<li><strong>Cel.:<\/strong>\u00a0<a href=\"tel:01194787-5478\">(11) 94787-5478<\/a><\/li>\n\n\n\n<li><strong>Whatsapp.:<\/strong>\u00a0<a href=\"tel:01194787-5478\">(11) 94787-5478<\/a><\/li>\n\n\n\n<li><strong>E-mail:<\/strong>\u00a0<a href=\"mailto:contato@spetomix.com.br\">contato@spetomix.com.br<\/a><\/li>\n<\/ul>\n\n\n\n<div style=\"display:none\" class=\"fm-form-container fm-theme1\"><div id=\"fm-pages1\" class=\"fm-pages wdform_page_navigation \" show_title=\"\" show_numbers=\"1\" type=\"none\"><\/div><form name=\"form1\" action=\"\/site\/wp-json\/wp\/v2\/pages\/3727\" method=\"post\" id=\"form1\" class=\"fm-form form1  \" enctype=\"multipart\/form-data\"><input type=\"hidden\" id=\"fm_page_id1\" value=\"3727\" name=\"fm_page_id1\" \/><input type=\"hidden\" id=\"fm_current_post_type1\" value=\"page\" name=\"fm_current_post_type1\" \/><input type=\"hidden\" id=\"counter1\" value=\"7\" name=\"counter1\" \/><input type=\"hidden\" id=\"Itemid1\" value=\"\" name=\"Itemid1\" \/><input type=\"hidden\" id=\"fm_shake1\" value=\"1\" name=\"fm_shake1\" \/><input type=\"text\" class=\"fm-hide\" id=\"fm_empty_field_validation1\" value=\"\" name=\"fm_empty_field_validation1\" data-value=\"bd736efb144d599cf463541431fbf5c4\" \/><div class=\"wdform-page-and-images fm-form-builder\"><div id=\"1form_view1\" class=\"wdform_page\" page_title=\"Untitled page\" next_title=\"Next\" next_type=\"text\" next_class=\"wdform-page-button\" next_checkable=\"true\" previous_title=\"Previous\" previous_type=\"text\" previous_class=\"wdform-page-button\" previous_checkable=\"false\"><div class=\"wdform_section\"><div class=\"wdform_column\"><div wdid=\"2\" class=\"wdform_row\"><div type=\"type_text\" class=\"wdform-field wd-width-100 wd-flex wd-flex-column fm-type_text\" ><div class=\"wdform-label-section wd-width-100  wd-flex-row wd-align-items-center\">    <label  for=\"wdform_2_element1\" class=\"wdform-label\">Nome<\/label><span class=\"wdform-required\">*<\/span><\/div><div class=\"wdform-element-section wd-flex  wd-flex-row wd-align-items-center wd-width-100\" ><input type=\"text\"                           class=\"wd-width-100\"                           id=\"wdform_2_element1\"                           name=\"wdform_2_element1\"                           value=\"\"                           data-value=\"\"                           title=\"\"                           placeholder=\"\"                                                       \/><\/div><\/div><\/div><\/div><div class=\"wdform_column\"><div wdid=\"3\" class=\"wdform_row\"><div type=\"type_submitter_mail\" class=\"wdform-field wd-width-100 wd-flex wd-flex-column fm-type_submitter_mail\" ><div class=\"wdform-label-section wd-width-100  wd-flex-row\">    <label  for=\"wdform_3_element1\" class=\"wdform-label\">Email<\/label><span class=\"wdform-required\">*<\/span><\/div><div class=\"wdform-element-section wd-flex  wd-flex-row wd-width-100\" ><input type=\"text\" class=\"wd-width-100\" id=\"wdform_3_element1\" name=\"wdform_3_element1\" data-value=\"\" value=\"\" title=\"\" placeholder=\"\"   onchange=\"wd_check_email('3', '1', 'This is not a valid email address.')\" \/><\/div><\/div><\/div><\/div><div class=\"wdform_column\"><div wdid=\"6\" class=\"wdform_row\" style=\"position: relative; left: 0px; top: 0px;\"><div type=\"type_phone_new\" class=\"wdform-field wd-width-100 wd-flex wd-flex-column fm-type_phone_new\" ><div class=\"wdform-label-section wd-width-100 \">    <label  for=\"wdform_6_element1\" class=\"wdform-label\">Telefone<\/label><span class=\"wdform-required\">*<\/span><\/div><div class=\"wdform-element-section wd-flex  wd-width-100\" ><input type=\"text\"                       class=\"wd-width-100\"                       id=\"wdform_6_element1\"                       name=\"wdform_6_element1\"                       value=\"\"                       data-value=\"\"                       placeholder=\"\"  \/><\/div><\/div><\/div><\/div><div class=\"wdform_column\"><div wdid=\"4\" class=\"wdform_row\"><div type=\"type_text\" class=\"wdform-field wd-width-100 wd-flex wd-flex-column fm-type_text\" ><div class=\"wdform-label-section wd-width-100  wd-flex-row wd-align-items-center\">    <label  for=\"wdform_4_element1\" class=\"wdform-label\">Assunto<\/label><span class=\"wdform-required\">*<\/span><\/div><div class=\"wdform-element-section wd-flex  wd-flex-row wd-align-items-center wd-width-100\" ><input type=\"text\"                           class=\"wd-width-100\"                           id=\"wdform_4_element1\"                           name=\"wdform_4_element1\"                           value=\"\"                           data-value=\"\"                           title=\"\"                           placeholder=\"\"                                                       \/><\/div><\/div><\/div><\/div><div class=\"wdform_column\"><div wdid=\"5\" class=\"wdform_row\"><div type=\"type_textarea\" class=\"wdform-field wd-width-100 wd-flex wd-flex-column fm-type_textarea\" ><div class=\"wdform-label-section wd-width-100 \">    <label  for=\"wdform_5_element1\" class=\"wdform-label\">Mensagem<\/label><span class=\"wdform-required\">*<\/span><\/div><div class=\"wdform-element-section wd-flex  wd-width-100\" ><textarea class=\"wd-width-100\"                      id=\"wdform_5_element1\"                      name=\"wdform_5_element1\"                      placeholder=\"\"                      data-value=\"\"                      maxlength=\"\"                      style=\"height: 100px;\"                      ><\/textarea><\/div><\/div><\/div><\/div><div class=\"wdform_column\"><div wdid=\"1\" class=\"wdform_row\" style=\"position: relative; left: 0px; top: 0px;\"><div type=\"type_submit_reset\" class=\"wdform-field wd-width-100 wd-flex wd-flex-column fm-type_submit_reset\" ><div class=\"wdform-element-section wd-flex  wd-flex-row wd-justify-content-left wd-width-100\" ><button  type=\"button\" class=\"button-submit\" onclick=\"fm_submit_form('1');\"  data-ajax=\"0\"><span class=\"fm-submit-loading spinner fm-ico-spinner\"><\/span>Enviar<\/button><button  type=\"button\" class=\"button-reset wd-hidden\" onclick=\"fm_reset_form(1);\" >Reset<\/button><\/div><\/div><\/div><\/div><\/div><div valign=\"top\" class=\"wdform_footer wd-width-100\"><div class=\"wd-width-100\"><div class=\"wd-width-100 wd-table\" style=\"padding-top:10px;\"><div class=\"wd-table-group\"><div id=\"1page_nav1\" class=\"wd-table-row\"><\/div><\/div><\/div><\/div><\/div><\/div><\/div><div class=\"wdform_preload\"><\/div><input type=\"hidden\" name=\"fm-current-page\" value=\"https:\/\/spetomix.com.br\/site\/wp-json\/wp\/v2\/pages\/3727\" \/><\/form><\/div>\n","protected":false},"excerpt":{"rendered":"<p>\nMatriz<\/p>\n<p><strong>Loja\/Escrit\u00f3rio:<\/strong>\u00a0Rua No\u00eamia de Queiroz Telles Fonseca, 104Vila Mafalda \u2013 Jundia\u00ed \u2013 SP<\/p>\n<p><strong>Tel.:<\/strong>\u00a0(11) 4526-1919<\/p>\n<p><strong>Cel.:<\/strong>\u00a0(11) 94787-5478<\/p>\n<p><strong>Whatsapp.:<\/strong>\u00a0(11) 94787-5478<\/p>\n<p><strong>E-mail:<\/strong>\u00a0contato@spetomix.com.br<\/p>\n<p>\u00a0[&#8230;]<\/p>\n","protected":false},"author":1,"featured_media":0,"parent":0,"menu_order":0,"comment_status":"closed","ping_status":"closed","template":"","meta":{"_crdt_document":"","_exactmetrics_skip_tracking":false,"_exactmetrics_sitenote_active":false,"_exactmetrics_sitenote_note":"","_exactmetrics_sitenote_category":0,"footnotes":""},"class_list":["post-3727","page","type-page","status-publish","hentry","post-1","odd"],"yoast_head":"<!-- This site is optimized with the Yoast SEO plugin v27.4 - https:\/\/yoast.com\/product\/yoast-seo-wordpress\/ -->\n<title>Fale Conosco - Spetomix 30 Anos - Solu\u00e7\u00f5es em festas e eventos<\/title>\n<meta name=\"robots\" content=\"index, follow, max-snippet:-1, max-image-preview:large, max-video-preview:-1\" \/>\n<link rel=\"canonical\" href=\"https:\/\/spetomix.com.br\/site\/fale-conosco-2\/\" \/>\n<meta property=\"og:locale\" content=\"pt_BR\" \/>\n<meta property=\"og:type\" content=\"article\" \/>\n<meta property=\"og:title\" content=\"Fale Conosco - Spetomix 30 Anos - Solu\u00e7\u00f5es em festas e eventos\" \/>\n<meta property=\"og:description\" content=\"Matriz   Loja\/Escrit\u00f3rio:\u00a0Rua No\u00eamia de Queiroz Telles Fonseca, 104Vila Mafalda \u2013 Jundia\u00ed \u2013 SP  Tel.:\u00a0(11) 4526-1919  Cel.:\u00a0(11) 94787-5478  Whatsapp.:\u00a0(11) 94787-5478  E-mail:\u00a0contato@spetomix.com.br   \u00a0[&#8230;]\" \/>\n<meta property=\"og:url\" content=\"https:\/\/spetomix.com.br\/site\/fale-conosco-2\/\" \/>\n<meta property=\"og:site_name\" content=\"Spetomix 30 Anos - Solu\u00e7\u00f5es em festas e eventos\" \/>\n<meta property=\"article:publisher\" content=\"https:\/\/www.facebook.com\/spetomix\/\" \/>\n<meta property=\"article:modified_time\" content=\"2025-04-03T14:36:16+00:00\" \/>\n<meta name=\"twitter:label1\" content=\"Est. tempo de leitura\" \/>\n\t<meta name=\"twitter:data1\" content=\"1 minuto\" \/>\n<script type=\"application\/ld+json\" class=\"yoast-schema-graph\">{\"@context\":\"https:\\\/\\\/schema.org\",\"@graph\":[{\"@type\":\"WebPage\",\"@id\":\"https:\\\/\\\/spetomix.com.br\\\/site\\\/fale-conosco-2\\\/\",\"url\":\"https:\\\/\\\/spetomix.com.br\\\/site\\\/fale-conosco-2\\\/\",\"name\":\"Fale Conosco - Spetomix 30 Anos - Solu\u00e7\u00f5es em festas e eventos\",\"isPartOf\":{\"@id\":\"https:\\\/\\\/spetomix.com.br\\\/site\\\/#website\"},\"datePublished\":\"2025-04-03T14:36:15+00:00\",\"dateModified\":\"2025-04-03T14:36:16+00:00\",\"breadcrumb\":{\"@id\":\"https:\\\/\\\/spetomix.com.br\\\/site\\\/fale-conosco-2\\\/#breadcrumb\"},\"inLanguage\":\"pt-BR\",\"potentialAction\":[{\"@type\":\"ReadAction\",\"target\":[\"https:\\\/\\\/spetomix.com.br\\\/site\\\/fale-conosco-2\\\/\"]}]},{\"@type\":\"BreadcrumbList\",\"@id\":\"https:\\\/\\\/spetomix.com.br\\\/site\\\/fale-conosco-2\\\/#breadcrumb\",\"itemListElement\":[{\"@type\":\"ListItem\",\"position\":1,\"name\":\"In\u00edcio\",\"item\":\"https:\\\/\\\/spetomix.com.br\\\/site\\\/\"},{\"@type\":\"ListItem\",\"position\":2,\"name\":\"Fale Conosco\"}]},{\"@type\":\"WebSite\",\"@id\":\"https:\\\/\\\/spetomix.com.br\\\/site\\\/#website\",\"url\":\"https:\\\/\\\/spetomix.com.br\\\/site\\\/\",\"name\":\"Spetomix 30 Anos - Solu\u00e7\u00f5es em festas e eventos\",\"description\":\"Solu\u00e7\u00f5es em festas e eventos\",\"publisher\":{\"@id\":\"https:\\\/\\\/spetomix.com.br\\\/site\\\/#organization\"},\"potentialAction\":[{\"@type\":\"SearchAction\",\"target\":{\"@type\":\"EntryPoint\",\"urlTemplate\":\"https:\\\/\\\/spetomix.com.br\\\/site\\\/?s={search_term_string}\"},\"query-input\":{\"@type\":\"PropertyValueSpecification\",\"valueRequired\":true,\"valueName\":\"search_term_string\"}}],\"inLanguage\":\"pt-BR\"},{\"@type\":\"Organization\",\"@id\":\"https:\\\/\\\/spetomix.com.br\\\/site\\\/#organization\",\"name\":\"Spetomix - Espetinhos | Festas | Massas | Pizzas | buffet\",\"url\":\"https:\\\/\\\/spetomix.com.br\\\/site\\\/\",\"logo\":{\"@type\":\"ImageObject\",\"inLanguage\":\"pt-BR\",\"@id\":\"https:\\\/\\\/spetomix.com.br\\\/site\\\/#\\\/schema\\\/logo\\\/image\\\/\",\"url\":\"https:\\\/\\\/www.spetomix.com.br\\\/site\\\/wp-content\\\/uploads\\\/2016\\\/06\\\/logo_spetomix.png\",\"contentUrl\":\"https:\\\/\\\/www.spetomix.com.br\\\/site\\\/wp-content\\\/uploads\\\/2016\\\/06\\\/logo_spetomix.png\",\"width\":250,\"height\":94,\"caption\":\"Spetomix - Espetinhos | Festas | Massas | Pizzas | buffet\"},\"image\":{\"@id\":\"https:\\\/\\\/spetomix.com.br\\\/site\\\/#\\\/schema\\\/logo\\\/image\\\/\"},\"sameAs\":[\"https:\\\/\\\/www.facebook.com\\\/spetomix\\\/\",\"https:\\\/\\\/x.com\\\/spetomix\",\"https:\\\/\\\/www.youtube.com\\\/channel\\\/UCY3Fdt7Wg0CrLDA6KoTIPVQ\"]}]}<\/script>\n<!-- \/ Yoast SEO plugin. -->","yoast_head_json":{"title":"Fale Conosco - Spetomix 30 Anos - Solu\u00e7\u00f5es em festas e eventos","robots":{"index":"index","follow":"follow","max-snippet":"max-snippet:-1","max-image-preview":"max-image-preview:large","max-video-preview":"max-video-preview:-1"},"canonical":"https:\/\/spetomix.com.br\/site\/fale-conosco-2\/","og_locale":"pt_BR","og_type":"article","og_title":"Fale Conosco - Spetomix 30 Anos - Solu\u00e7\u00f5es em festas e eventos","og_description":"Matriz   Loja\/Escrit\u00f3rio:\u00a0Rua No\u00eamia de Queiroz Telles Fonseca, 104Vila Mafalda \u2013 Jundia\u00ed \u2013 SP  Tel.:\u00a0(11) 4526-1919  Cel.:\u00a0(11) 94787-5478  Whatsapp.:\u00a0(11) 94787-5478  E-mail:\u00a0contato@spetomix.com.br   \u00a0[&#8230;]","og_url":"https:\/\/spetomix.com.br\/site\/fale-conosco-2\/","og_site_name":"Spetomix 30 Anos - Solu\u00e7\u00f5es em festas e eventos","article_publisher":"https:\/\/www.facebook.com\/spetomix\/","article_modified_time":"2025-04-03T14:36:16+00:00","twitter_misc":{"Est. tempo de leitura":"1 minuto"},"schema":{"@context":"https:\/\/schema.org","@graph":[{"@type":"WebPage","@id":"https:\/\/spetomix.com.br\/site\/fale-conosco-2\/","url":"https:\/\/spetomix.com.br\/site\/fale-conosco-2\/","name":"Fale Conosco - Spetomix 30 Anos - Solu\u00e7\u00f5es em festas e eventos","isPartOf":{"@id":"https:\/\/spetomix.com.br\/site\/#website"},"datePublished":"2025-04-03T14:36:15+00:00","dateModified":"2025-04-03T14:36:16+00:00","breadcrumb":{"@id":"https:\/\/spetomix.com.br\/site\/fale-conosco-2\/#breadcrumb"},"inLanguage":"pt-BR","potentialAction":[{"@type":"ReadAction","target":["https:\/\/spetomix.com.br\/site\/fale-conosco-2\/"]}]},{"@type":"BreadcrumbList","@id":"https:\/\/spetomix.com.br\/site\/fale-conosco-2\/#breadcrumb","itemListElement":[{"@type":"ListItem","position":1,"name":"In\u00edcio","item":"https:\/\/spetomix.com.br\/site\/"},{"@type":"ListItem","position":2,"name":"Fale Conosco"}]},{"@type":"WebSite","@id":"https:\/\/spetomix.com.br\/site\/#website","url":"https:\/\/spetomix.com.br\/site\/","name":"Spetomix 30 Anos - Solu\u00e7\u00f5es em festas e eventos","description":"Solu\u00e7\u00f5es em festas e eventos","publisher":{"@id":"https:\/\/spetomix.com.br\/site\/#organization"},"potentialAction":[{"@type":"SearchAction","target":{"@type":"EntryPoint","urlTemplate":"https:\/\/spetomix.com.br\/site\/?s={search_term_string}"},"query-input":{"@type":"PropertyValueSpecification","valueRequired":true,"valueName":"search_term_string"}}],"inLanguage":"pt-BR"},{"@type":"Organization","@id":"https:\/\/spetomix.com.br\/site\/#organization","name":"Spetomix - Espetinhos | Festas | Massas | Pizzas | buffet","url":"https:\/\/spetomix.com.br\/site\/","logo":{"@type":"ImageObject","inLanguage":"pt-BR","@id":"https:\/\/spetomix.com.br\/site\/#\/schema\/logo\/image\/","url":"https:\/\/www.spetomix.com.br\/site\/wp-content\/uploads\/2016\/06\/logo_spetomix.png","contentUrl":"https:\/\/www.spetomix.com.br\/site\/wp-content\/uploads\/2016\/06\/logo_spetomix.png","width":250,"height":94,"caption":"Spetomix - Espetinhos | Festas | Massas | Pizzas | buffet"},"image":{"@id":"https:\/\/spetomix.com.br\/site\/#\/schema\/logo\/image\/"},"sameAs":["https:\/\/www.facebook.com\/spetomix\/","https:\/\/x.com\/spetomix","https:\/\/www.youtube.com\/channel\/UCY3Fdt7Wg0CrLDA6KoTIPVQ"]}]}},"_links":{"self":[{"href":"https:\/\/spetomix.com.br\/site\/wp-json\/wp\/v2\/pages\/3727","targetHints":{"allow":["GET"]}}],"collection":[{"href":"https:\/\/spetomix.com.br\/site\/wp-json\/wp\/v2\/pages"}],"about":[{"href":"https:\/\/spetomix.com.br\/site\/wp-json\/wp\/v2\/types\/page"}],"author":[{"embeddable":true,"href":"https:\/\/spetomix.com.br\/site\/wp-json\/wp\/v2\/users\/1"}],"replies":[{"embeddable":true,"href":"https:\/\/spetomix.com.br\/site\/wp-json\/wp\/v2\/comments?post=3727"}],"version-history":[{"count":2,"href":"https:\/\/spetomix.com.br\/site\/wp-json\/wp\/v2\/pages\/3727\/revisions"}],"predecessor-version":[{"id":3763,"href":"https:\/\/spetomix.com.br\/site\/wp-json\/wp\/v2\/pages\/3727\/revisions\/3763"}],"wp:attachment":[{"href":"https:\/\/spetomix.com.br\/site\/wp-json\/wp\/v2\/media?parent=3727"}],"curies":[{"name":"wp","href":"https:\/\/api.w.org\/{rel}","templated":true}]}}